{"id":30803,"date":"2025-01-15T10:02:28","date_gmt":"2025-01-15T09:02:28","guid":{"rendered":"https:\/\/roesslbianco.it\/?page_id=30803"},"modified":"2025-01-15T12:46:22","modified_gmt":"2025-01-15T11:46:22","slug":"suetik","status":"publish","type":"page","link":"https:\/\/roesslbianco.it\/hu\/suetik\/","title":{"rendered":"S\u00fctik"},"content":{"rendered":"<h2>S\u00fctik<\/h2>\n<p><strong>Mik azok a s\u00fctik?<\/strong><br \/>\nA s\u00fctik kis sz\u00f6vegf\u00e1jlok, amelyeket a sz\u00e1m\u00edt\u00f3g\u00e9pen t\u00e1rolnak, amikor bizonyos weboldalakat megl\u00e1togat.<\/p>\n<p>A weboldalon \u00e9s az aldomainjein s\u00fctiket haszn\u00e1lunk \u2013 a felhaszn\u00e1l\u00f3 beleegyez\u00e9s\u00e9t k\u00e9rve, ha ezt a t\u00f6rv\u00e9ny vagy m\u00e1s vonatkoz\u00f3 szab\u00e1lyoz\u00e1sok el\u0151\u00edrj\u00e1k \u2013, hogy megk\u00f6nny\u00edts\u00fck a navig\u00e1ci\u00f3t, \u00e9s szem\u00e9lyre szabjuk a felhaszn\u00e1l\u00f3nak ny\u00fajtott inform\u00e1ci\u00f3kat. Ezenk\u00edv\u00fcl olyan rendszereket haszn\u00e1lunk, amelyek adatokat gy\u0171jtenek a felhaszn\u00e1l\u00f3kr\u00f3l, p\u00e9ld\u00e1ul az IP-c\u00edm\u00fcket, a haszn\u00e1lt b\u00f6ng\u00e9sz\u0151t \u00e9s oper\u00e1ci\u00f3s rendszert, valamint a felkeresett weboldalakat biztons\u00e1gi \u00e9s statisztikai c\u00e9lokb\u00f3l.<\/p>\n<p>Ha \u00fagy d\u00f6nt, hogy letiltja vagy elutas\u00edtja a s\u00fctiket, el\u0151fordulhat, hogy a weboldalunk \u00e9s annak aldomainjeinek bizonyos r\u00e9szeihez nem tud hozz\u00e1f\u00e9rni, vagy azok nem m\u0171k\u00f6dnek megfelel\u0151en.<\/p>\n<p>A weboldal teljes k\u00f6r\u0171 \u00e9s zavartalan haszn\u00e1lat\u00e1hoz \u00e1ll\u00edtsa be b\u00f6ng\u00e9sz\u0151j\u00e9t \u00fagy, hogy elfogadja a s\u00fctiket. A s\u00fctik nem jelentenek vesz\u00e9lyt sz\u00e1m\u00edt\u00f3g\u00e9p\u00e9re, t\u00e1blag\u00e9p\u00e9re vagy okostelefonj\u00e1ra. Az \u00e1ltalunk gener\u00e1lt s\u00fctik nem tartalmaznak szem\u00e9lyes adatokat, amelyek a felhaszn\u00e1l\u00f3 azonos\u00edt\u00e1s\u00e1ra szolg\u00e1ln\u00e1nak, csak titkos\u00edtott inform\u00e1ci\u00f3kat.<\/p>\n<p>A weboldal \u00e9s az ahhoz kapcsol\u00f3d\u00f3 aldomainjei az al\u00e1bbi s\u00fctit\u00edpusokat haszn\u00e1lj\u00e1k:<\/p>\n<p><strong>Navig\u00e1ci\u00f3s s\u00fctik<\/strong><br \/>\nEzek a s\u00fctik lehet\u0151v\u00e9 teszik a weboldal b\u00f6ng\u00e9sz\u00e9s\u00e9t \u00e9s funkci\u00f3inak haszn\u00e1lat\u00e1t. S\u00fctik n\u00e9lk\u00fcl el\u0151fordulhat, hogy nem tud hozz\u00e1f\u00e9rni ezekhez a funkci\u00f3khoz, vagy azok nem m\u0171k\u00f6dnek megfelel\u0151en.<br \/>\nAz elengedhetetlen s\u00fctik egy azonos\u00edt\u00f3t t\u00e1rolnak, amely lehet\u0151v\u00e9 teszi sz\u00e1munkra, hogy minden felhaszn\u00e1l\u00f3t egyedileg azonos\u00edtsunk, \u00e9s egys\u00e9ges, pontosan hozz\u00e1igaz\u00edtott szolg\u00e1ltat\u00e1st ny\u00fajtsunk.<\/p>\n<p><strong>Teljes\u00edtm\u00e9nys\u00fctik<\/strong><br \/>\nEzek a s\u00fctik sz\u00e1rmazhatnak t\u0151l\u00fcnk vagy partnereinkt\u0151l, lehetnek munkamenet-s\u00fctik vagy \u00e1lland\u00f3 s\u00fctik. Csak a weboldal teljes\u00edtm\u00e9ny\u00e9nek jav\u00edt\u00e1s\u00e1ra szolg\u00e1lnak. Ezek a s\u00fctik nem gy\u0171jtenek olyan inform\u00e1ci\u00f3kat, amelyekkel a felhaszn\u00e1l\u00f3 azonos\u00edthat\u00f3 lenne. Az ezen s\u00fctik seg\u00edts\u00e9g\u00e9vel gy\u0171jt\u00f6tt adatok \u00f6sszes\u00edtettek \u00e9s anonim m\u00f3don ker\u00fclnek feldolgoz\u00e1sra, kiz\u00e1r\u00f3lag a weboldal m\u0171k\u00f6d\u00e9s\u00e9nek jav\u00edt\u00e1sa \u00e9rdek\u00e9ben.<\/p>\n<p><strong>Funkci\u00f3s s\u00fctik<\/strong><br \/>\nA s\u00fctiket \u00e1ltal\u00e1ban a felhaszn\u00e1l\u00f3 tev\u00e9kenys\u00e9ge miatt t\u00e1rolj\u00e1k a sz\u00e1m\u00edt\u00f3g\u00e9p\u00e9n, de el\u0151fordulhat, hogy a felhaszn\u00e1l\u00f3 kifejezett k\u00e9r\u00e9s\u00e9nek hi\u00e1ny\u00e1ban is megkapja azokat, amikor egy szolg\u00e1ltat\u00e1st k\u00edn\u00e1lnak neki. Ezek a s\u00fctik megakad\u00e1lyozhatj\u00e1k p\u00e9ld\u00e1ul, hogy ugyanazt a szolg\u00e1ltat\u00e1st egyn\u00e9l t\u00f6bb alkalommal k\u00edn\u00e1lj\u00e1k fel a felhaszn\u00e1l\u00f3nak. Ezenk\u00edv\u00fcl lehet\u0151v\u00e9 teszik a weboldal sz\u00e1m\u00e1ra, hogy megjegyezze a felhaszn\u00e1l\u00f3 d\u00f6nt\u00e9seit. Az ezekkel a s\u00fctikkel gy\u0171jt\u00f6tt adatok anonimak, \u00e9s nem haszn\u00e1lhat\u00f3k fel arra, hogy a felhaszn\u00e1l\u00f3 viselked\u00e9s\u00e9t m\u00e1s weboldalakon nyomon k\u00f6vess\u00e9k.<\/p>\n<p><strong>Harmadik felek marketing-\/retargeting c\u00e9l\u00fa s\u00fctijei<\/strong><br \/>\nEzeket a s\u00fctiket partnereink haszn\u00e1lj\u00e1k, hogy hirdet\u00e9seinket megjelen\u00edts\u00e9k, amikor m\u00e1s weboldalakat l\u00e1togat, p\u00e9ld\u00e1ul olyan term\u00e9keket mutassanak be, amelyeket legut\u00f3bb a weboldalunkon n\u00e9zett meg. Ezek a s\u00fctik olyan term\u00e9keket is megjelen\u00edthetnek, amelyek \u00e9rdekelhetik \u00d6nt, vagy hasonl\u00f3ak azokhoz, amelyeket kor\u00e1bban megtekintett. Ezek a s\u00fctik nem kapcsol\u00f3dnak szem\u00e9lyes adatok feldolgoz\u00e1s\u00e1hoz, de hozz\u00e1f\u00e9r\u00e9st biztos\u00edthatnak az \u00d6n sz\u00e1m\u00edt\u00f3g\u00e9p\u00e9re vagy m\u00e1s eszk\u00f6z\u00e9re telep\u00edtett b\u00f6ng\u00e9sz\u0151h\u00f6z.<\/p>\n<p><strong>Az \u00d6n s\u00fcti-be\u00e1ll\u00edt\u00e1sai ezen az oldalon<\/strong><br \/>\n[borlabs_cookie]\n<p>Ezen az oldalon p\u00e9ld\u00e1ul az al\u00e1bbi harmadik f\u00e9lt\u0151l sz\u00e1rmaz\u00f3 s\u00fctiket haszn\u00e1ljuk:<br \/>\n<strong>Google Analytics<\/strong><\/p>\n<p><strong>S\u00fctik letilt\u00e1sa<\/strong><br \/>\nAz adatv\u00e9delmi t\u00f6rv\u00e9nyek lehet\u0151s\u00e9get biztos\u00edtanak a felhaszn\u00e1l\u00f3k sz\u00e1m\u00e1ra, hogy letilts\u00e1k (\u201eopt out\u201d) az eszk\u00f6z\u00fck\u00f6n m\u00e1r telep\u00edtett s\u00fctiket. Ez a lehet\u0151s\u00e9g a \u201etechnikai s\u00fctikre\u201d (az olasz adatv\u00e9delmi t\u00f6rv\u00e9ny 122. cikke) \u00e9s m\u00e1s, kor\u00e1bban a felhaszn\u00e1l\u00f3 \u00e1ltal elfogadott s\u00fctikre (\u201eopt-in\u201d) vonatkozik. A felhaszn\u00e1l\u00f3k a b\u00f6ng\u00e9sz\u0151 be\u00e1ll\u00edt\u00e1sain kereszt\u00fcl letilthatj\u00e1k \u00e9s\/vagy t\u00f6r\u00f6lhetik a s\u00fctiket (\u201eopt out\u201d).<\/p>\n<p><strong>A s\u00fctik letilt\u00e1sa<\/strong><\/p>\n<p><strong>Internet Explorer<\/strong><br \/>\nAz \u00f6sszes s\u00fcti blokkol\u00e1sa vagy enged\u00e9lyez\u00e9se:<\/p>\n<ol>\n<li>Nyissa meg az Internet Explorert az Ind\u00edt\u00e1s gombra, majd az Internet Explorerre kattintva.<\/li>\n<li>Kattintson az Eszk\u00f6z\u00f6k gombra, majd az Internetbe\u00e1ll\u00edt\u00e1sok men\u00fcpontra.<\/li>\n<li>Kattintson az Adatv\u00e9delem f\u00fclre, \u00e9s a Be\u00e1ll\u00edt\u00e1sok alatt h\u00fazza a cs\u00faszk\u00e1t felfel\u00e9 az \u00f6sszes s\u00fcti blokkol\u00e1s\u00e1hoz, vagy lefel\u00e9 az \u00f6sszes s\u00fcti enged\u00e9lyez\u00e9s\u00e9hez. Ezut\u00e1n kattintson az OK gombra.<\/li>\n<\/ol>\n<p>A s\u00fctik blokkol\u00e1sa miatt egyes weboldalak nem fognak helyesen megjelenni.<\/p>\n<p><strong>Firefox<\/strong><br \/>\nAz \u00f6sszes weboldal s\u00fctij\u00e9nek blokkol\u00e1s\u00e1hoz tegye a k\u00f6vetkez\u0151ket:<\/p>\n<ol>\n<li>Kattintson a men\u00fc gombra, \u00e9s v\u00e1lassza a Be\u00e1ll\u00edt\u00e1sok lehet\u0151s\u00e9get.<\/li>\n<li>L\u00e9pjen az Adatv\u00e9delem r\u00e9szre.<\/li>\n<li>\u00c1ll\u00edtsa a Firefox a k\u00f6vetkez\u0151 el\u0151zm\u00e9nyeket fogja megjegyezni: opci\u00f3t Egyedi be\u00e1ll\u00edt\u00e1sok haszn\u00e1lata az el\u0151zm\u00e9nyekhez lehet\u0151s\u00e9gre.<\/li>\n<li>Vegye ki a pip\u00e1t a S\u00fctik elfogad\u00e1sa opci\u00f3 mell\u0151l. Kattintson az OK gombra.<\/li>\n<\/ol>\n<p><strong>Google Chrome<\/strong><\/p>\n<ol>\n<li>Kattintson a Chrome men\u00fcikonra.<\/li>\n<li>V\u00e1lassza a Be\u00e1ll\u00edt\u00e1sok lehet\u0151s\u00e9get.<\/li>\n<li>G\u00f6rgessen az oldal alj\u00e1ra, \u00e9s v\u00e1lassza a Speci\u00e1lis be\u00e1ll\u00edt\u00e1sok megjelen\u00edt\u00e9se opci\u00f3t.<\/li>\n<li>Az Adatv\u00e9delem r\u00e9szben v\u00e1lassza a Tartalombe\u00e1ll\u00edt\u00e1sok lehet\u0151s\u00e9get.<\/li>\n<li>V\u00e1lassza a Webhelyek adatainak t\u00e1rol\u00e1s\u00e1nak letilt\u00e1sa lehet\u0151s\u00e9get.<\/li>\n<li>Kattintson a K\u00e9sz gombra.<\/li>\n<\/ol>\n<p>Az egyes, nem technikai jelleg\u0171 harmadik f\u00e9lt\u0151l sz\u00e1rmaz\u00f3 s\u00fctik a felhaszn\u00e1l\u00f3 \u00e1ltal is letilthat\u00f3k \u00e9s\/vagy t\u00f6r\u00f6lhet\u0151k az Eur\u00f3pai Interakt\u00edv Digit\u00e1lis Hirdet\u00e9si Sz\u00f6vets\u00e9g weboldal\u00e1n: <a href=\"http:\/\/www.youronlinechoices.eu\" target=\"_new\" rel=\"noopener\">www.youronlinechoices.eu<\/a><\/p>","protected":false},"excerpt":{"rendered":"<p>S\u00fctik Mik azok a s\u00fctik? A s\u00fctik kis sz\u00f6vegf\u00e1jlok, amelyeket a sz\u00e1m\u00edt\u00f3g\u00e9pen t\u00e1rolnak, amikor bizonyos&#8230;<\/p>\n","protected":false},"author":24782,"featured_media":0,"parent":0,"menu_order":97,"comment_status":"closed","ping_status":"closed","template":"","meta":{"footnotes":""},"class_list":["post-30803","page","type-page","status-publish"],"_links":{"self":[{"href":"https:\/\/roesslbianco.it\/hu\/wp-json\/wp\/v2\/pages\/30803","targetHints":{"allow":["GET"]}}],"collection":[{"href":"https:\/\/roesslbianco.it\/hu\/wp-json\/wp\/v2\/pages"}],"about":[{"href":"https:\/\/roesslbianco.it\/hu\/wp-json\/wp\/v2\/types\/page"}],"author":[{"embeddable":true,"href":"https:\/\/roesslbianco.it\/hu\/wp-json\/wp\/v2\/users\/24782"}],"replies":[{"embeddable":true,"href":"https:\/\/roesslbianco.it\/hu\/wp-json\/wp\/v2\/comments?post=30803"}],"version-history":[{"count":3,"href":"https:\/\/roesslbianco.it\/hu\/wp-json\/wp\/v2\/pages\/30803\/revisions"}],"predecessor-version":[{"id":30806,"href":"https:\/\/roesslbianco.it\/hu\/wp-json\/wp\/v2\/pages\/30803\/revisions\/30806"}],"wp:attachment":[{"href":"https:\/\/roesslbianco.it\/hu\/wp-json\/wp\/v2\/media?parent=30803"}],"curies":[{"name":"wp","href":"https:\/\/api.w.org\/{rel}","templated":true}]}}