{"id":30816,"date":"2025-01-15T10:47:49","date_gmt":"2025-01-15T09:47:49","guid":{"rendered":"https:\/\/roesslbianco.it\/?page_id=30816"},"modified":"2025-01-15T12:49:18","modified_gmt":"2025-01-15T11:49:18","slug":"impresszum","status":"publish","type":"page","link":"https:\/\/roesslbianco.it\/hu\/impresszum\/","title":{"rendered":"Impresszum"},"content":{"rendered":"<h2>Impresszum<\/h2>\n<p><strong>r\u00f6ssl bianco<\/strong><\/p>\n<p><strong>bistro &amp; bed &amp; breakfast<\/strong><br \/>\nLauben 357<br \/>\n39012 Mer\u00e1n<br \/>\nTel. +39 0473 338032<br \/>\n<a href=\"mailto:info@roesslbianco.it\">info@roesslbianco.it<\/a><br \/>\n\u00c1FA sz\u00e1m: IT 02965800218<\/p>\n<hr \/>\n<p><strong>FONTOS (EU Rendelet 524\/2013)<\/strong><br \/>\nAz Eur\u00f3pai Bizotts\u00e1g platformja \u2013 Online Vitarendez\u00e9s: <a href=\"https:\/\/www.ec.europa.eu\/consumers\/odr\" target=\"_new\" rel=\"noopener\">www.ec.europa.eu\/consumers\/odr<\/a><\/p>\n<p><strong>K\u00e9p forr\u00e1sa<\/strong><br \/>\nDamian Pertoll Photography<\/p>\n<p><strong>Webdesign &amp; Programoz\u00e1s<\/strong><br \/>\n<a href=\"https:\/\/fahrner.it\/\">fahrner web . grafik<\/a><\/p>\n<hr \/>\n<p><strong>Fontos inform\u00e1ci\u00f3k<\/strong><\/p>\n<p>A jelen internetes oldalon k\u00f6zz\u00e9tett inform\u00e1ci\u00f3k minden r\u00e9szlete szerz\u0151i jogi v\u00e9delem alatt \u00e1ll. Az inform\u00e1ci\u00f3k felhaszn\u00e1l\u00e1sa kiz\u00e1r\u00f3lag szem\u00e9lyes c\u00e9lra enged\u00e9lyezett. Minden egy\u00e9b felhaszn\u00e1l\u00e1s a szolg\u00e1ltat\u00f3 \u00edr\u00e1sos hozz\u00e1j\u00e1rul\u00e1s\u00e1t ig\u00e9nyli. Ez k\u00fcl\u00f6n\u00f6sen vonatkozik a m\u00e1sol\u00e1sra, ford\u00edt\u00e1sra, mikrofilmes\u00edt\u00e9sre, elektronikus rendszerekbe t\u00f6rt\u00e9n\u0151 t\u00e1rol\u00e1sra \u00e9s terjeszt\u00e9sre.<\/p>\n<hr \/>\n<p><strong>Jogi nyilatkozat<\/strong><\/p>\n<p>Ez az internetes oldal hivatkoz\u00e1sokat (\u201elinkek\u201d) tartalmaz k\u00fcls\u0151 weboldalakra, amelyek k\u00fcls\u0151 \u00fczemeltet\u0151k \u00e1ltal vannak kezelve \u00e9s\/vagy k\u00f6zz\u00e9t\u00e9ve \u00e9s\/vagy m\u0171k\u00f6dtetve \u00e9s\/vagy kiadva. Ezek a k\u00fcls\u0151 oldalak k\u00edv\u00fcl esnek a mi ellen\u0151rz\u00e9s\u00fcnk\u00f6n. Ez\u00e9rt nem v\u00e1llalunk felel\u0151ss\u00e9get \u00e9s\/vagy garanci\u00e1t azok tartalm\u00e1\u00e9rt. Az adott tartalom\u00e9rt kiz\u00e1r\u00f3lag a weboldalak \u00fczemeltet\u0151i felel\u0151sek. A linkel\u00e9s idej\u00e9n a hivatkozott k\u00fcls\u0151 oldalakon nem volt nyilv\u00e1nval\u00f3an illeg\u00e1lis tartalom. V\u00e9lem\u00e9ny\u00fcnk elt\u00e9rhet a k\u00fcls\u0151 oldalakon tal\u00e1lhat\u00f3 v\u00e9lem\u00e9nyekt\u0151l.<\/p>\n<p>Ez az oldal rendszeresen friss\u00edt\u00e9sre ker\u00fcl. Ennek ellen\u00e9re nem v\u00e1llalunk garanci\u00e1t az inform\u00e1ci\u00f3k \u00e9s\/vagy adatok pontoss\u00e1g\u00e1ra, jogszer\u0171s\u00e9g\u00e9re, aktualit\u00e1s\u00e1ra, teljess\u00e9g\u00e9re \u00e9s rendelkez\u00e9sre \u00e1ll\u00e1s\u00e1ra.<\/p>","protected":false},"excerpt":{"rendered":"<p>Impresszum r\u00f6ssl bianco bistro &amp; bed &amp; breakfast Lauben 357 39012 Mer\u00e1n Tel. +39 0473&#8230;<\/p>\n","protected":false},"author":24782,"featured_media":0,"parent":0,"menu_order":99,"comment_status":"closed","ping_status":"closed","template":"","meta":{"footnotes":""},"class_list":["post-30816","page","type-page","status-publish"],"_links":{"self":[{"href":"https:\/\/roesslbianco.it\/hu\/wp-json\/wp\/v2\/pages\/30816","targetHints":{"allow":["GET"]}}],"collection":[{"href":"https:\/\/roesslbianco.it\/hu\/wp-json\/wp\/v2\/pages"}],"about":[{"href":"https:\/\/roesslbianco.it\/hu\/wp-json\/wp\/v2\/types\/page"}],"author":[{"embeddable":true,"href":"https:\/\/roesslbianco.it\/hu\/wp-json\/wp\/v2\/users\/24782"}],"replies":[{"embeddable":true,"href":"https:\/\/roesslbianco.it\/hu\/wp-json\/wp\/v2\/comments?post=30816"}],"version-history":[{"count":1,"href":"https:\/\/roesslbianco.it\/hu\/wp-json\/wp\/v2\/pages\/30816\/revisions"}],"predecessor-version":[{"id":30817,"href":"https:\/\/roesslbianco.it\/hu\/wp-json\/wp\/v2\/pages\/30816\/revisions\/30817"}],"wp:attachment":[{"href":"https:\/\/roesslbianco.it\/hu\/wp-json\/wp\/v2\/media?parent=30816"}],"curies":[{"name":"wp","href":"https:\/\/api.w.org\/{rel}","templated":true}]}}